{"id":5794,"date":"2025-02-27T15:07:47","date_gmt":"2025-02-27T15:07:47","guid":{"rendered":"https:\/\/magnanerie-event.azur-informatique.fr\/?page_id=5794"},"modified":"2025-11-25T16:59:10","modified_gmt":"2025-11-25T16:59:10","slug":"corporate","status":"publish","type":"page","link":"https:\/\/www.lamagnanerie-events.fr\/index.php\/corporate\/","title":{"rendered":"Corporates"},"content":{"rendered":"\t\t<div data-elementor-type=\"wp-page\" data-elementor-id=\"5794\" class=\"elementor elementor-5794\" data-elementor-post-type=\"page\">\n\t\t\t\t\t\t<section class=\"elementor-section elementor-top-section elementor-element elementor-element-1be6607 elementor-section-full_width elementor-section-height-default elementor-section-height-default wpr-particle-no wpr-jarallax-no wpr-parallax-no wpr-sticky-section-no\" data-id=\"1be6607\" data-element_type=\"section\" data-settings=\"{&quot;background_background&quot;:&quot;classic&quot;}\">\n\t\t\t\t\t\t\t<div class=\"elementor-background-overlay\"><\/div>\n\t\t\t\t\t\t\t<div class=\"elementor-container elementor-column-gap-default\">\n\t\t\t\t\t<div class=\"elementor-column elementor-col-100 elementor-top-column elementor-element elementor-element-e1c8bed\" data-id=\"e1c8bed\" data-element_type=\"column\">\n\t\t\t<div class=\"elementor-widget-wrap elementor-element-populated\">\n\t\t\t\t\t\t<div class=\"elementor-element elementor-element-cc3f686 elementor-widget elementor-widget-heading\" data-id=\"cc3f686\" data-element_type=\"widget\" data-widget_type=\"heading.default\">\n\t\t\t\t<div class=\"elementor-widget-container\">\n\t\t\t\t\t<h1 class=\"elementor-heading-title elementor-size-default\">Nos \u00e9v\u00e8nements professionnels <\/h1>\t\t\t\t<\/div>\n\t\t\t\t<\/div>\n\t\t\t\t<div class=\"elementor-element elementor-element-701f7ab elementor-widget elementor-widget-heading\" data-id=\"701f7ab\" data-element_type=\"widget\" data-widget_type=\"heading.default\">\n\t\t\t\t<div class=\"elementor-widget-container\">\n\t\t\t\t\t<p class=\"elementor-heading-title elementor-size-default\">\u00c0 la Magnanerie, nous mettons notre expertise au service des entreprises pour organiser des \u00e9v\u00e9nements sur-mesure. Que vous souhaitiez renforcer la coh\u00e9sion de vos \u00e9quipes, organiser des s\u00e9minaires inspirants, ou c\u00e9l\u00e9brer des moments forts comme les arbres de No\u00ebl ou les repas festifs de fin d'ann\u00e9e, nous vous proposons des solutions adapt\u00e9es \u00e0 vos besoins et \u00e0 vos objectifs.\nNous vous proposons plusieurs types de menus en fonction de votre \u00e9v\u00e8nement : d\u00e9jeuner ou d\u00eener, cours de cuisine, happy hours, arbre de no\u00ebl, cocktail avec stands culinaires, buffet dinatoire etc... Notre proposition comprend un menu tout compris, de l\u2019ap\u00e9ritif au dessert, avec les boissons incluses.<\/p>\t\t\t\t<\/div>\n\t\t\t\t<\/div>\n\t\t\t\t\t<\/div>\n\t\t<\/div>\n\t\t\t\t\t<\/div>\n\t\t<\/section>\n\t\t\t\t<section class=\"elementor-section elementor-top-section elementor-element elementor-element-1ec1716 elementor-section-full_width elementor-section-content-middle s1 elementor-section-height-default elementor-section-height-default wpr-particle-no wpr-jarallax-no wpr-parallax-no wpr-sticky-section-no\" data-id=\"1ec1716\" data-element_type=\"section\" data-settings=\"{&quot;background_background&quot;:&quot;classic&quot;}\">\n\t\t\t\t\t\t<div class=\"elementor-container elementor-column-gap-default\">\n\t\t\t\t\t<div class=\"elementor-column elementor-col-50 elementor-top-column elementor-element elementor-element-e88edcd\" data-id=\"e88edcd\" data-element_type=\"column\" data-settings=\"{&quot;background_background&quot;:&quot;classic&quot;}\">\n\t\t\t<div class=\"elementor-widget-wrap elementor-element-populated\">\n\t\t\t\t\t<div class=\"elementor-background-overlay\"><\/div>\n\t\t\t\t\t\t<div class=\"elementor-element elementor-element-fb43d2a elementor-widget elementor-widget-heading\" data-id=\"fb43d2a\" data-element_type=\"widget\" data-widget_type=\"heading.default\">\n\t\t\t\t<div class=\"elementor-widget-container\">\n\t\t\t\t\t<h1 class=\"elementor-heading-title elementor-size-default\">Cours de cuisine et team building<\/h1>\t\t\t\t<\/div>\n\t\t\t\t<\/div>\n\t\t\t\t<div class=\"elementor-element elementor-element-b543f2b elementor-widget elementor-widget-heading\" data-id=\"b543f2b\" data-element_type=\"widget\" data-widget_type=\"heading.default\">\n\t\t\t\t<div class=\"elementor-widget-container\">\n\t\t\t\t\t<p class=\"elementor-heading-title elementor-size-default\">La Magnanerie vous propose un large choix d\u2019activit\u00e9s et de team building pour vous et vos collaborateurs \u00e0 vivre au sein de notre \u00e9tablissement ou dans les environs. D\u00e9tente et bonne humeur de rigueur pour profiter d'un moment de convivialit\u00e9 en entreprise. Au programme, partie de p\u00e9tanque, balade en quads et buggys \u00e0 la d\u00e9couverte de l\u2019Est\u00e9rel, activit\u00e9s olympiades et \"Koh Lanta\" au lac de Saint Cassien, d\u00e9gustation des vins dans un domaine viticole etc..<br>\nNous travaillons avec des prestataires et partenaires locaux de confiance afin de vous offrir le meilleur pour vos \u00e9v\u00e9nements.<\/p>\t\t\t\t<\/div>\n\t\t\t\t<\/div>\n\t\t\t\t\t<\/div>\n\t\t<\/div>\n\t\t\t\t<div class=\"elementor-column elementor-col-50 elementor-top-column elementor-element elementor-element-f93d8ee\" data-id=\"f93d8ee\" data-element_type=\"column\" data-settings=\"{&quot;background_background&quot;:&quot;classic&quot;}\">\n\t\t\t<div class=\"elementor-widget-wrap elementor-element-populated\">\n\t\t\t\t\t\t<div class=\"elementor-element elementor-element-14ec3c8 elementor-flip-box--effect-fade elementor-widget elementor-widget-flip-box\" data-id=\"14ec3c8\" data-element_type=\"widget\" data-widget_type=\"flip-box.default\">\n\t\t\t\t<div class=\"elementor-widget-container\">\n\t\t\t\t\t\t\t<div class=\"elementor-flip-box\" tabindex=\"0\">\n\t\t\t<div class=\"elementor-flip-box__layer elementor-flip-box__front\">\n\t\t\t\t<div class=\"elementor-flip-box__layer__overlay\">\n\t\t\t\t\t<div class=\"elementor-flip-box__layer__inner\">\n\t\t\t\t\t\t\t\t\t\t\t\t\t<div class=\"elementor-icon-wrapper elementor-view-default\">\n\t\t\t\t\t\t\t\t<div class=\"elementor-icon\">\n\t\t\t\t\t\t\t\t\t\t\t\t\t\t\t\t\t<\/div>\n\t\t\t\t\t\t\t<\/div>\n\t\t\t\t\t\t\n\t\t\t\t\t\t\n\t\t\t\t\t\t\t\t\t\t\t<\/div>\n\t\t\t\t<\/div>\n\t\t\t<\/div>\n\t\t\t<div class=\"elementor-flip-box__layer elementor-flip-box__back\">\n\t\t\t<div class=\"elementor-flip-box__layer__overlay\">\n\t\t\t\t<div class=\"elementor-flip-box__layer__inner\">\n\t\t\t\t\t\n\t\t\t\t\t\n\t\t\t\t\t\t\t\t<\/div>\n\t\t<\/div>\n\t\t<\/div>\n\t\t<\/div>\n\t\t\t\t\t\t<\/div>\n\t\t\t\t<\/div>\n\t\t\t\t\t<\/div>\n\t\t<\/div>\n\t\t\t\t\t<\/div>\n\t\t<\/section>\n\t\t\t\t<section class=\"elementor-section elementor-top-section elementor-element elementor-element-f1ecb14 elementor-section-full_width elementor-section-content-middle s2 elementor-section-height-default elementor-section-height-default wpr-particle-no wpr-jarallax-no wpr-parallax-no wpr-sticky-section-no\" data-id=\"f1ecb14\" data-element_type=\"section\" data-settings=\"{&quot;background_background&quot;:&quot;classic&quot;}\">\n\t\t\t\t\t\t<div class=\"elementor-container elementor-column-gap-default\">\n\t\t\t\t\t<div class=\"elementor-column elementor-col-50 elementor-top-column elementor-element elementor-element-4d6d6f6\" data-id=\"4d6d6f6\" data-element_type=\"column\">\n\t\t\t<div class=\"elementor-widget-wrap elementor-element-populated\">\n\t\t\t\t\t\t<div class=\"elementor-element elementor-element-94437f9 elementor-flip-box--effect-fade elementor-widget elementor-widget-flip-box\" data-id=\"94437f9\" data-element_type=\"widget\" data-widget_type=\"flip-box.default\">\n\t\t\t\t<div class=\"elementor-widget-container\">\n\t\t\t\t\t\t\t<div class=\"elementor-flip-box\" tabindex=\"0\">\n\t\t\t<div class=\"elementor-flip-box__layer elementor-flip-box__front\">\n\t\t\t\t<div class=\"elementor-flip-box__layer__overlay\">\n\t\t\t\t\t<div class=\"elementor-flip-box__layer__inner\">\n\t\t\t\t\t\t\t\t\t\t\t\t\t<div class=\"elementor-icon-wrapper elementor-view-default\">\n\t\t\t\t\t\t\t\t<div class=\"elementor-icon\">\n\t\t\t\t\t\t\t\t\t\t\t\t\t\t\t\t\t<\/div>\n\t\t\t\t\t\t\t<\/div>\n\t\t\t\t\t\t\n\t\t\t\t\t\t\n\t\t\t\t\t\t\t\t\t\t\t<\/div>\n\t\t\t\t<\/div>\n\t\t\t<\/div>\n\t\t\t<div class=\"elementor-flip-box__layer elementor-flip-box__back\">\n\t\t\t<div class=\"elementor-flip-box__layer__overlay\">\n\t\t\t\t<div class=\"elementor-flip-box__layer__inner\">\n\t\t\t\t\t\n\t\t\t\t\t\n\t\t\t\t\t\t\t\t<\/div>\n\t\t<\/div>\n\t\t<\/div>\n\t\t<\/div>\n\t\t\t\t\t\t<\/div>\n\t\t\t\t<\/div>\n\t\t\t\t\t<\/div>\n\t\t<\/div>\n\t\t\t\t<div class=\"elementor-column elementor-col-50 elementor-top-column elementor-element elementor-element-8252026\" data-id=\"8252026\" data-element_type=\"column\" data-settings=\"{&quot;background_background&quot;:&quot;classic&quot;}\">\n\t\t\t<div class=\"elementor-widget-wrap elementor-element-populated\">\n\t\t\t\t\t<div class=\"elementor-background-overlay\"><\/div>\n\t\t\t\t\t\t<div class=\"elementor-element elementor-element-f6c1c5a elementor-widget elementor-widget-heading\" data-id=\"f6c1c5a\" data-element_type=\"widget\" data-widget_type=\"heading.default\">\n\t\t\t\t<div class=\"elementor-widget-container\">\n\t\t\t\t\t<h1 class=\"elementor-heading-title elementor-size-default\">S\u00e9minaires et r\u00e9unions<\/h1>\t\t\t\t<\/div>\n\t\t\t\t<\/div>\n\t\t\t\t<div class=\"elementor-element elementor-element-fe83061 elementor-widget elementor-widget-heading\" data-id=\"fe83061\" data-element_type=\"widget\" data-widget_type=\"heading.default\">\n\t\t\t\t<div class=\"elementor-widget-container\">\n\t\t\t\t\t<p class=\"elementor-heading-title elementor-size-default\">Vous cherchez un lieu unique pour vos \u00e9v\u00e9nements professionnels ? Notre espace de r\u00e9ception vous accueille pour l\u2019organisation de vos s\u00e9minaires, r\u00e9unions, journ\u00e9es d\u2019\u00e9tude ou conf\u00e9rences dans un environnement propice \u00e0 la concentration, \u00e0 la cr\u00e9ativit\u00e9 et \u00e0 la convivialit\u00e9.\nNous mettons \u00e0 votre disposition des salles modulables, \u00e9quip\u00e9es du mat\u00e9riel n\u00e9cessaire (vid\u00e9oprojecteur, \u00e9cran, sonorisation, Wi-Fi haut d\u00e9bit, etc.), et un accompagnement personnalis\u00e9 pour assurer le bon d\u00e9roulement de votre \u00e9v\u00e9nement.\nPour agr\u00e9menter votre journ\u00e9e ou soir\u00e9e, notre service traiteur propose des formules sur-mesure : petit-d\u00e9jeuner d\u2019accueil, pauses gourmandes, d\u00e9jeuners et d\u00eeners d\u2019affaires. Tous nos menus sont pr\u00e9par\u00e9s avec des produits frais, de saison, et peuvent s\u2019adapter \u00e0 vos pr\u00e9f\u00e9rences ou r\u00e9gimes alimentaires sp\u00e9cifiques.\nQue vous soyez une petite \u00e9quipe ou un grand groupe, notre lieu s\u2019adapte \u00e0 vos besoins et garantit une exp\u00e9rience \u00e0 la fois professionnelle et chaleureuse.<\/p>\t\t\t\t<\/div>\n\t\t\t\t<\/div>\n\t\t\t\t<div class=\"elementor-element elementor-element-52608e9 elementor-widget elementor-widget-text-editor\" data-id=\"52608e9\" data-element_type=\"widget\" data-widget_type=\"text-editor.default\">\n\t\t\t\t<div class=\"elementor-widget-container\">\n\t\t\t\t\t\t\t\t\t<p><strong>Contactez nous pour \u00e9tablir un devis personnalis\u00e9 et construire ensemble un \u00e9v\u00e9nement \u00e0 la hauteur de vos ambitions.<\/strong><\/p>\t\t\t\t\t\t\t\t<\/div>\n\t\t\t\t<\/div>\n\t\t\t\t\t<\/div>\n\t\t<\/div>\n\t\t\t\t\t<\/div>\n\t\t<\/section>\n\t\t\t\t<section class=\"elementor-section elementor-top-section elementor-element elementor-element-1aaa4cd elementor-section-full_width elementor-section-content-middle s3 elementor-section-height-default elementor-section-height-default wpr-particle-no wpr-jarallax-no wpr-parallax-no wpr-sticky-section-no\" data-id=\"1aaa4cd\" data-element_type=\"section\" data-settings=\"{&quot;background_background&quot;:&quot;classic&quot;}\">\n\t\t\t\t\t\t<div class=\"elementor-container elementor-column-gap-default\">\n\t\t\t\t\t<div class=\"elementor-column elementor-col-50 elementor-top-column elementor-element elementor-element-25a31b6\" data-id=\"25a31b6\" data-element_type=\"column\" data-settings=\"{&quot;background_background&quot;:&quot;classic&quot;}\">\n\t\t\t<div class=\"elementor-widget-wrap elementor-element-populated\">\n\t\t\t\t\t<div class=\"elementor-background-overlay\"><\/div>\n\t\t\t\t\t\t<div class=\"elementor-element elementor-element-6ea933e elementor-widget elementor-widget-heading\" data-id=\"6ea933e\" data-element_type=\"widget\" data-widget_type=\"heading.default\">\n\t\t\t\t<div class=\"elementor-widget-container\">\n\t\t\t\t\t<h1 class=\"elementor-heading-title elementor-size-default\">Arbre de no\u00ebl et \u00e9v\u00e9nements festifs<\/h1>\t\t\t\t<\/div>\n\t\t\t\t<\/div>\n\t\t\t\t<div class=\"elementor-element elementor-element-6140d7e elementor-widget elementor-widget-text-editor\" data-id=\"6140d7e\" data-element_type=\"widget\" data-widget_type=\"text-editor.default\">\n\t\t\t\t<div class=\"elementor-widget-container\">\n\t\t\t\t\t\t\t\t\t<p>Organisez votre Arbre de No\u00ebl ou Soir\u00e9e d\u2019Entreprise dans un cadre unique ! Cette ann\u00e9e, offrez \u00e0 vos collaborateurs un moment inoubliable en organisant votre arbre de No\u00ebl ou votre soir\u00e9e festive dans notre lieu de r\u00e9ception chaleureux et raffin\u00e9. Nous mettons \u00e0 votre disposition un espace convivial et modulable, id\u00e9al pour accueillir vos \u00e9quipes, familles et enfants dans une ambiance f\u00e9erique.<\/p>\n<p>Notre offre inclut :&nbsp;<\/p>\n<p>&#8211; La privatisation de notre salle de r\u00e9ception d\u00e9cor\u00e9e pour les f\u00eates&nbsp;<\/p>\n<p>&#8211; Un service traiteur sur mesure : cocktail d\u00eenatoire, buffet gourmand ou repas assis&nbsp;<\/p>\n<p>&#8211; Des animations festives et ludiques (P\u00e8re No\u00ebl, ateliers enfants, photobooth, DJ&#8230;)&nbsp;<\/p>\n<p>&#8211; Une \u00e9quipe professionnelle pour assurer l\u2019organisation de votre \u00e9v\u00e9nement de A \u00e0 Z Faites de votre f\u00eate de fin d\u2019ann\u00e9e un moment magique et f\u00e9d\u00e9rateur !<\/p>\t\t\t\t\t\t\t\t<\/div>\n\t\t\t\t<\/div>\n\t\t\t\t\t<\/div>\n\t\t<\/div>\n\t\t\t\t<div class=\"elementor-column elementor-col-50 elementor-top-column elementor-element elementor-element-29be66b\" data-id=\"29be66b\" data-element_type=\"column\" data-settings=\"{&quot;background_background&quot;:&quot;classic&quot;}\">\n\t\t\t<div class=\"elementor-widget-wrap elementor-element-populated\">\n\t\t\t\t\t\t<div class=\"elementor-element elementor-element-bcaaff1 elementor-flip-box--effect-fade elementor-widget elementor-widget-flip-box\" data-id=\"bcaaff1\" data-element_type=\"widget\" data-widget_type=\"flip-box.default\">\n\t\t\t\t<div class=\"elementor-widget-container\">\n\t\t\t\t\t\t\t<div class=\"elementor-flip-box\" tabindex=\"0\">\n\t\t\t<div class=\"elementor-flip-box__layer elementor-flip-box__front\">\n\t\t\t\t<div class=\"elementor-flip-box__layer__overlay\">\n\t\t\t\t\t<div class=\"elementor-flip-box__layer__inner\">\n\t\t\t\t\t\t\t\t\t\t\t\t\t<div class=\"elementor-icon-wrapper elementor-view-default\">\n\t\t\t\t\t\t\t\t<div class=\"elementor-icon\">\n\t\t\t\t\t\t\t\t\t\t\t\t\t\t\t\t\t<\/div>\n\t\t\t\t\t\t\t<\/div>\n\t\t\t\t\t\t\n\t\t\t\t\t\t\n\t\t\t\t\t\t\t\t\t\t\t<\/div>\n\t\t\t\t<\/div>\n\t\t\t<\/div>\n\t\t\t<div class=\"elementor-flip-box__layer elementor-flip-box__back\">\n\t\t\t<div class=\"elementor-flip-box__layer__overlay\">\n\t\t\t\t<div class=\"elementor-flip-box__layer__inner\">\n\t\t\t\t\t\n\t\t\t\t\t\n\t\t\t\t\t\t\t\t<\/div>\n\t\t<\/div>\n\t\t<\/div>\n\t\t<\/div>\n\t\t\t\t\t\t<\/div>\n\t\t\t\t<\/div>\n\t\t\t\t\t<\/div>\n\t\t<\/div>\n\t\t\t\t\t<\/div>\n\t\t<\/section>\n\t\t\t\t<section class=\"elementor-section elementor-top-section elementor-element elementor-element-30a8c00 elementor-section-full_width elementor-section-content-middle elementor-section-height-default elementor-section-height-default wpr-particle-no wpr-jarallax-no wpr-parallax-no wpr-sticky-section-no\" data-id=\"30a8c00\" data-element_type=\"section\" data-settings=\"{&quot;background_background&quot;:&quot;classic&quot;}\">\n\t\t\t\t\t\t<div class=\"elementor-container elementor-column-gap-default\">\n\t\t\t\t\t<div class=\"elementor-column elementor-col-100 elementor-top-column elementor-element elementor-element-d4e8934\" data-id=\"d4e8934\" data-element_type=\"column\" data-settings=\"{&quot;background_background&quot;:&quot;classic&quot;}\">\n\t\t\t<div class=\"elementor-widget-wrap elementor-element-populated\">\n\t\t\t\t\t<div class=\"elementor-background-overlay\"><\/div>\n\t\t\t\t\t\t<div class=\"elementor-element elementor-element-4b882b5 elementor-widget elementor-widget-heading\" data-id=\"4b882b5\" data-element_type=\"widget\" data-widget_type=\"heading.default\">\n\t\t\t\t<div class=\"elementor-widget-container\">\n\t\t\t\t\t<h1 class=\"elementor-heading-title elementor-size-default\">Nos collaborations<\/h1>\t\t\t\t<\/div>\n\t\t\t\t<\/div>\n\t\t\t\t<div class=\"elementor-element elementor-element-46b911b elementor-arrows-position-inside elementor-pagination-position-outside elementor-widget elementor-widget-image-carousel\" data-id=\"46b911b\" data-element_type=\"widget\" data-settings=\"{&quot;navigation&quot;:&quot;both&quot;,&quot;autoplay&quot;:&quot;yes&quot;,&quot;pause_on_hover&quot;:&quot;yes&quot;,&quot;pause_on_interaction&quot;:&quot;yes&quot;,&quot;autoplay_speed&quot;:5000,&quot;infinite&quot;:&quot;yes&quot;,&quot;speed&quot;:500}\" data-widget_type=\"image-carousel.default\">\n\t\t\t\t<div class=\"elementor-widget-container\">\n\t\t\t\t\t\t\t<div class=\"elementor-image-carousel-wrapper swiper\" role=\"region\" aria-roledescription=\"carousel\" aria-label=\"Carrousel d\u2019images\" dir=\"ltr\">\n\t\t\t<div class=\"elementor-image-carousel swiper-wrapper\" aria-live=\"off\">\n\t\t\t\t\t\t\t\t<div class=\"swiper-slide\" role=\"group\" aria-roledescription=\"slide\" aria-label=\"1 sur 3\"><figure class=\"swiper-slide-inner\"><img decoding=\"async\" class=\"swiper-slide-image\" src=\"https:\/\/www.lamagnanerie-events.fr\/wp-content\/uploads\/2025\/05\/Image13.png\" alt=\"Image13\" \/><\/figure><\/div><div class=\"swiper-slide\" role=\"group\" aria-roledescription=\"slide\" aria-label=\"2 sur 3\"><figure class=\"swiper-slide-inner\"><img decoding=\"async\" class=\"swiper-slide-image\" src=\"https:\/\/www.lamagnanerie-events.fr\/wp-content\/uploads\/2025\/06\/international-womens-club-of-the-var-logo.png\" alt=\"international womens club of the var logo\" \/><\/figure><\/div><div class=\"swiper-slide\" role=\"group\" aria-roledescription=\"slide\" aria-label=\"3 sur 3\"><figure class=\"swiper-slide-inner\"><img decoding=\"async\" class=\"swiper-slide-image\" src=\"https:\/\/www.lamagnanerie-events.fr\/wp-content\/uploads\/2025\/06\/physaro-logo.jpg\" alt=\"physaro-logo\" \/><\/figure><\/div>\t\t\t<\/div>\n\t\t\t\t\t\t\t\t\t\t\t\t<div class=\"elementor-swiper-button elementor-swiper-button-prev\" role=\"button\" tabindex=\"0\">\n\t\t\t\t\t\t<svg aria-hidden=\"true\" class=\"e-font-icon-svg e-eicon-chevron-left\" viewBox=\"0 0 1000 1000\" xmlns=\"http:\/\/www.w3.org\/2000\/svg\"><path d=\"M646 125C629 125 613 133 604 142L308 442C296 454 292 471 292 487 292 504 296 521 308 533L604 854C617 867 629 875 646 875 663 875 679 871 692 858 704 846 713 829 713 812 713 796 708 779 692 767L438 487 692 225C700 217 708 204 708 187 708 171 704 154 692 142 675 129 663 125 646 125Z\"><\/path><\/svg>\t\t\t\t\t<\/div>\n\t\t\t\t\t<div class=\"elementor-swiper-button elementor-swiper-button-next\" role=\"button\" tabindex=\"0\">\n\t\t\t\t\t\t<svg aria-hidden=\"true\" class=\"e-font-icon-svg e-eicon-chevron-right\" viewBox=\"0 0 1000 1000\" xmlns=\"http:\/\/www.w3.org\/2000\/svg\"><path d=\"M696 533C708 521 713 504 713 487 713 471 708 454 696 446L400 146C388 133 375 125 354 125 338 125 325 129 313 142 300 154 292 171 292 187 292 204 296 221 308 233L563 492 304 771C292 783 288 800 288 817 288 833 296 850 308 863 321 871 338 875 354 875 371 875 388 867 400 854L696 533Z\"><\/path><\/svg>\t\t\t\t\t<\/div>\n\t\t\t\t\n\t\t\t\t\t\t\t\t\t<div class=\"swiper-pagination\"><\/div>\n\t\t\t\t\t\t\t\t\t<\/div>\n\t\t\t\t\t\t<\/div>\n\t\t\t\t<\/div>\n\t\t\t\t\t<\/div>\n\t\t<\/div>\n\t\t\t\t\t<\/div>\n\t\t<\/section>\n\t\t\t\t<\/div>\n\t\t","protected":false},"excerpt":{"rendered":"<p>Nos \u00e9v\u00e8nements professionnels \u00c0 la Magnanerie, nous mettons notre expertise au service des entreprises pour organiser des \u00e9v\u00e9nements sur-mesure. Que vous souhaitiez renforcer la coh\u00e9sion de vos \u00e9quipes, organiser des s\u00e9minaires inspirants, ou c\u00e9l\u00e9brer des moments forts comme les arbres de No\u00ebl ou les repas festifs de fin d&rsquo;ann\u00e9e, nous vous proposons des solutions adapt\u00e9es \u00e0 vos besoins et \u00e0 vos objectifs. Nous vous proposons plusieurs types de menus en fonction de votre \u00e9v\u00e8nement : d\u00e9jeuner ou d\u00eener, cours de cuisine, happy hours, arbre de no\u00ebl, cocktail avec stands culinaires, buffet dinatoire etc&#8230; Notre proposition comprend un menu tout compris, de l\u2019ap\u00e9ritif au dessert, avec les boissons incluses. Cours de cuisine et team building La Magnanerie vous propose un large choix d\u2019activit\u00e9s et de team building pour vous et vos collaborateurs \u00e0 vivre au sein de notre \u00e9tablissement ou dans les environs. D\u00e9tente et bonne humeur de rigueur pour profiter d&rsquo;un moment de convivialit\u00e9 en entreprise. Au programme, partie de p\u00e9tanque, balade en quads et buggys \u00e0 la d\u00e9couverte de l\u2019Est\u00e9rel, activit\u00e9s olympiades et \u00ab\u00a0Koh Lanta\u00a0\u00bb au lac de Saint Cassien, d\u00e9gustation des vins dans un domaine viticole etc.. Nous travaillons avec des prestataires et partenaires locaux de confiance afin de vous offrir le meilleur pour vos \u00e9v\u00e9nements. S\u00e9minaires et r\u00e9unions Vous cherchez un lieu unique pour vos \u00e9v\u00e9nements professionnels ? Notre espace de r\u00e9ception vous accueille pour l\u2019organisation de vos s\u00e9minaires, r\u00e9unions, journ\u00e9es d\u2019\u00e9tude ou conf\u00e9rences dans un environnement propice \u00e0 la concentration, \u00e0 la cr\u00e9ativit\u00e9 et \u00e0 la convivialit\u00e9. Nous mettons \u00e0 votre disposition des salles modulables, \u00e9quip\u00e9es du mat\u00e9riel n\u00e9cessaire (vid\u00e9oprojecteur, \u00e9cran, sonorisation, Wi-Fi haut d\u00e9bit, etc.), et un accompagnement personnalis\u00e9 pour assurer le bon d\u00e9roulement de votre \u00e9v\u00e9nement. Pour agr\u00e9menter votre journ\u00e9e ou soir\u00e9e, notre service traiteur propose des formules sur-mesure : petit-d\u00e9jeuner d\u2019accueil, pauses gourmandes, d\u00e9jeuners et d\u00eeners d\u2019affaires. Tous nos menus sont pr\u00e9par\u00e9s avec des produits frais, de saison, et peuvent s\u2019adapter \u00e0 vos pr\u00e9f\u00e9rences ou r\u00e9gimes alimentaires sp\u00e9cifiques. Que vous soyez une petite \u00e9quipe ou un grand groupe, notre lieu s\u2019adapte \u00e0 vos besoins et garantit une exp\u00e9rience \u00e0 la fois professionnelle et chaleureuse. Contactez nous pour \u00e9tablir un devis personnalis\u00e9 et construire ensemble un \u00e9v\u00e9nement \u00e0 la hauteur de vos ambitions. Arbre de no\u00ebl et \u00e9v\u00e9nements festifs Organisez votre Arbre de No\u00ebl ou Soir\u00e9e d\u2019Entreprise dans un cadre unique ! Cette ann\u00e9e, offrez \u00e0 vos collaborateurs un moment inoubliable en organisant votre arbre de No\u00ebl ou votre soir\u00e9e festive dans notre lieu de r\u00e9ception chaleureux et raffin\u00e9. Nous mettons \u00e0 votre disposition un espace convivial et modulable, id\u00e9al pour accueillir vos \u00e9quipes, familles et enfants dans une ambiance f\u00e9erique. Notre offre inclut :&nbsp; &#8211; La privatisation de notre salle de r\u00e9ception d\u00e9cor\u00e9e pour les f\u00eates&nbsp; &#8211; Un service traiteur sur mesure : cocktail d\u00eenatoire, buffet gourmand ou repas assis&nbsp; &#8211; Des animations festives et ludiques (P\u00e8re No\u00ebl, ateliers enfants, photobooth, DJ&#8230;)&nbsp; &#8211; Une \u00e9quipe professionnelle pour assurer l\u2019organisation de votre \u00e9v\u00e9nement de A \u00e0 Z Faites de votre f\u00eate de fin d\u2019ann\u00e9e un moment magique et f\u00e9d\u00e9rateur ! Nos collaborations<\/p>\n","protected":false},"author":2,"featured_media":0,"parent":0,"menu_order":0,"comment_status":"closed","ping_status":"closed","template":"","meta":{"footnotes":""},"class_list":["post-5794","page","type-page","status-publish","hentry"],"_links":{"self":[{"href":"https:\/\/www.lamagnanerie-events.fr\/index.php\/wp-json\/wp\/v2\/pages\/5794","targetHints":{"allow":["GET"]}}],"collection":[{"href":"https:\/\/www.lamagnanerie-events.fr\/index.php\/wp-json\/wp\/v2\/pages"}],"about":[{"href":"https:\/\/www.lamagnanerie-events.fr\/index.php\/wp-json\/wp\/v2\/types\/page"}],"author":[{"embeddable":true,"href":"https:\/\/www.lamagnanerie-events.fr\/index.php\/wp-json\/wp\/v2\/users\/2"}],"replies":[{"embeddable":true,"href":"https:\/\/www.lamagnanerie-events.fr\/index.php\/wp-json\/wp\/v2\/comments?post=5794"}],"version-history":[{"count":92,"href":"https:\/\/www.lamagnanerie-events.fr\/index.php\/wp-json\/wp\/v2\/pages\/5794\/revisions"}],"predecessor-version":[{"id":6883,"href":"https:\/\/www.lamagnanerie-events.fr\/index.php\/wp-json\/wp\/v2\/pages\/5794\/revisions\/6883"}],"wp:attachment":[{"href":"https:\/\/www.lamagnanerie-events.fr\/index.php\/wp-json\/wp\/v2\/media?parent=5794"}],"curies":[{"name":"wp","href":"https:\/\/api.w.org\/{rel}","templated":true}]}}