{"id":6157,"date":"2025-05-14T08:05:41","date_gmt":"2025-05-14T08:05:41","guid":{"rendered":"https:\/\/magnanerie-event.azur-informatique.fr\/?page_id=6157"},"modified":"2025-11-25T17:17:39","modified_gmt":"2025-11-25T17:17:39","slug":"hebergements","status":"publish","type":"page","link":"https:\/\/www.lamagnanerie-events.fr\/index.php\/hebergements\/","title":{"rendered":"H\u00e9bergements"},"content":{"rendered":"\t\t<div data-elementor-type=\"wp-page\" data-elementor-id=\"6157\" class=\"elementor elementor-6157\" data-elementor-post-type=\"page\">\n\t\t\t\t\t\t<section class=\"elementor-section elementor-top-section elementor-element elementor-element-e177255 elementor-section-full_width elementor-section-height-default elementor-section-height-default wpr-particle-no wpr-jarallax-no wpr-parallax-no wpr-sticky-section-no\" data-id=\"e177255\" data-element_type=\"section\" data-settings=\"{&quot;background_background&quot;:&quot;classic&quot;}\">\n\t\t\t\t\t\t\t<div class=\"elementor-background-overlay\"><\/div>\n\t\t\t\t\t\t\t<div class=\"elementor-container elementor-column-gap-default\">\n\t\t\t\t\t<div class=\"elementor-column elementor-col-100 elementor-top-column elementor-element elementor-element-8adea86\" data-id=\"8adea86\" data-element_type=\"column\">\n\t\t\t<div class=\"elementor-widget-wrap elementor-element-populated\">\n\t\t\t\t\t\t<div class=\"elementor-element elementor-element-81dddfd elementor-widget elementor-widget-heading\" data-id=\"81dddfd\" data-element_type=\"widget\" data-widget_type=\"heading.default\">\n\t\t\t\t<div class=\"elementor-widget-container\">\n\t\t\t\t\t<h1 class=\"elementor-heading-title elementor-size-default\">H\u00e9bergements<\/h1>\t\t\t\t<\/div>\n\t\t\t\t<\/div>\n\t\t\t\t<div class=\"elementor-element elementor-element-f7ba37b elementor-widget elementor-widget-heading\" data-id=\"f7ba37b\" data-element_type=\"widget\" data-widget_type=\"heading.default\">\n\t\t\t\t<div class=\"elementor-widget-container\">\n\t\t\t\t\t<p class=\"elementor-heading-title elementor-size-default\">Au deuxi\u00e8me \u00e9tage de cette magnifique b\u00e2tisse, de nombreux h\u00e9bergements sont \u00e0 votre disposition pour loger vos invit\u00e9s et profiter d'une nuit sur place avec tout le confort n\u00e9cessaire.<\/p>\t\t\t\t<\/div>\n\t\t\t\t<\/div>\n\t\t\t\t\t<\/div>\n\t\t<\/div>\n\t\t\t\t\t<\/div>\n\t\t<\/section>\n\t\t\t\t<section class=\"elementor-section elementor-top-section elementor-element elementor-element-58ccb79 elementor-section-full_width elementor-section-height-default elementor-section-height-default wpr-particle-no wpr-jarallax-no wpr-parallax-no wpr-sticky-section-no\" data-id=\"58ccb79\" data-element_type=\"section\">\n\t\t\t\t\t\t<div class=\"elementor-container elementor-column-gap-default\">\n\t\t\t\t\t<div class=\"elementor-column elementor-col-100 elementor-top-column elementor-element elementor-element-189e205\" data-id=\"189e205\" data-element_type=\"column\">\n\t\t\t<div class=\"elementor-widget-wrap elementor-element-populated\">\n\t\t\t\t\t\t<div class=\"elementor-element elementor-element-bb62a3f elementor-widget elementor-widget-slider_revolution\" data-id=\"bb62a3f\" data-element_type=\"widget\" data-widget_type=\"slider_revolution.default\">\n\t\t\t\t<div class=\"elementor-widget-container\">\n\t\t\t\t\t\n\t\t<div class=\"wp-block-themepunch-revslider\">\n\t\t\t<!-- START HEBERGEMENTS REVOLUTION SLIDER 6.7.11 --><p class=\"rs-p-wp-fix\"><\/p>\n\t\t\t<rs-module-wrap id=\"rev_slider_18_1_wrapper\" data-source=\"gallery\" style=\"visibility:hidden;background:transparent;padding:0;\">\n\t\t\t\t<rs-module id=\"rev_slider_18_1\" style=\"\" data-version=\"6.7.11\">\n\t\t\t\t\t<rs-slides style=\"overflow: hidden; position: absolute;\">\n\t\t\t\t\t\t<rs-slide style=\"position: absolute;\" data-key=\"rs-44\" data-title=\"Slide\" data-in=\"o:0;\" data-out=\"a:false;\">\n\t\t\t\t\t\t\t<img fetchpriority=\"high\" decoding=\"async\" src=\"\/\/www.lamagnanerie-events.fr\/wp-content\/plugins\/revslider\/sr6\/assets\/assets\/dummy.png\" alt=\"\" title=\"Vue-sur-Seillans\" width=\"1900\" height=\"1069\" class=\"rev-slidebg tp-rs-img rs-lazyload\" data-lazyload=\"\/\/www.lamagnanerie-events.fr\/wp-content\/uploads\/2025\/11\/Vue-sur-Seillans.jpg\" data-bg=\"p:center top;\" data-parallax=\"off\" data-panzoom=\"d:9000;ss:100;se:115;\" data-no-retina>\n<!---->\t\t\t\t\t<\/rs-slide>\n\t\t\t\t\t<\/rs-slides>\n\t\t\t\t<\/rs-module>\n\t\t\t\t<script>\n\t\t\t\t\tsetREVStartSize({c: 'rev_slider_18_1',rl:[1240,1024,778,480],el:[600,768,960,720],gw:[1240,1024,778,480],gh:[600,768,960,720],type:'standard',justify:'',layout:'fullscreen',offsetContainer:'',offset:'',mh:\"0\"});if (window.RS_MODULES!==undefined && window.RS_MODULES.modules!==undefined && window.RS_MODULES.modules[\"revslider181\"]!==undefined) {window.RS_MODULES.modules[\"revslider181\"].once = false;window.revapi18 = undefined;if (window.RS_MODULES.checkMinimal!==undefined) window.RS_MODULES.checkMinimal()}\n\t\t\t\t<\/script>\n\t\t\t<\/rs-module-wrap>\n\t\t\t<!-- END REVOLUTION SLIDER -->\n<\/div>\n\n\t\t\t\t\t\t<\/div>\n\t\t\t\t<\/div>\n\t\t\t\t\t<\/div>\n\t\t<\/div>\n\t\t\t\t\t<\/div>\n\t\t<\/section>\n\t\t\t\t<section class=\"elementor-section elementor-top-section elementor-element elementor-element-abf29a0 elementor-section-full_width elementor-section-content-middle elementor-section-height-default elementor-section-height-default wpr-particle-no wpr-jarallax-no wpr-parallax-no wpr-sticky-section-no\" data-id=\"abf29a0\" data-element_type=\"section\" data-settings=\"{&quot;background_background&quot;:&quot;classic&quot;}\">\n\t\t\t\t\t\t<div class=\"elementor-container elementor-column-gap-default\">\n\t\t\t\t\t<div class=\"elementor-column elementor-col-100 elementor-top-column elementor-element elementor-element-6c1cfb9\" data-id=\"6c1cfb9\" data-element_type=\"column\" data-settings=\"{&quot;background_background&quot;:&quot;classic&quot;}\">\n\t\t\t<div class=\"elementor-widget-wrap elementor-element-populated\">\n\t\t\t\t\t<div class=\"elementor-background-overlay\"><\/div>\n\t\t\t\t\t\t<div class=\"elementor-element elementor-element-f58b753 elementor-widget elementor-widget-heading\" data-id=\"f58b753\" data-element_type=\"widget\" data-widget_type=\"heading.default\">\n\t\t\t\t<div class=\"elementor-widget-container\">\n\t\t\t\t\t<h2 class=\"elementor-heading-title elementor-size-default\">Les logements <\/h2>\t\t\t\t<\/div>\n\t\t\t\t<\/div>\n\t\t\t\t<div class=\"elementor-element elementor-element-b9b5e92 elementor-widget elementor-widget-heading\" data-id=\"b9b5e92\" data-element_type=\"widget\" data-widget_type=\"heading.default\">\n\t\t\t\t<div class=\"elementor-widget-container\">\n\t\t\t\t\t<p class=\"elementor-heading-title elementor-size-default\">La suite PAPILLON (80\/90 M2), compos\u00e9e de 2 \u00e0 8 personnes :  1 chambre avec 1 lit double 2 personnes \u00e0 c\u00f4t\u00e9 de la salle de douche, la salle \u00e0 manger avec 2 canap\u00e9s convertibles de 2 personnes et 2 lits single en mezzanine, 1 un wc s\u00e9par\u00e9, une cuisine semi \u00e9quip\u00e9e, une TV <br> <br>\nLa Suite SOIE (50\/60 m2) compos\u00e9e de 2 \u00e0 6 personnes avec composition possible 1 chambre avec 1 lit double 2 personnes, la salle \u00e0 manger avec 1 canap\u00e9 convertible de 2 personnes et 1 canap\u00e9 en mezzanine, 1 salle eau douche avec un wc s\u00e9par\u00e9, 1 TV , un coin kitchenette<br><br>\nLa Suite M\u00dbRIER (35\/40 M2) : compos\u00e9e de 2 \u00e0 4 personnes avec composition possible 1 chambre avec 1 lit double 2 personnes, la salle \u00e0 manger avec 2 canap\u00e9s convertibles de 2 personnes, 1 salle eau douche avec  un WC s\u00e9par\u00e9 1 TV, un coin kitchenette<br><br>\nLa suite COTON (35\/40 M2) : (souvent prise par les mari\u00e9s) avec la chambre 2 personnes avec un lit double et un canap\u00e9 convertible 2 personnes, 1 salle de douche avec un WC s\u00e9par\u00e9 <\/p>\t\t\t\t<\/div>\n\t\t\t\t<\/div>\n\t\t\t\t\t<\/div>\n\t\t<\/div>\n\t\t\t\t\t<\/div>\n\t\t<\/section>\n\t\t\t\t<section class=\"elementor-section elementor-top-section elementor-element elementor-element-e80e1ee elementor-section-boxed elementor-section-height-default elementor-section-height-default wpr-particle-no wpr-jarallax-no wpr-parallax-no wpr-sticky-section-no\" data-id=\"e80e1ee\" data-element_type=\"section\" data-settings=\"{&quot;background_background&quot;:&quot;classic&quot;}\">\n\t\t\t\t\t\t\t<div class=\"elementor-background-overlay\"><\/div>\n\t\t\t\t\t\t\t<div class=\"elementor-container elementor-column-gap-default\">\n\t\t\t\t\t<div class=\"elementor-column elementor-col-100 elementor-top-column elementor-element elementor-element-5d2935f\" data-id=\"5d2935f\" data-element_type=\"column\">\n\t\t\t<div class=\"elementor-widget-wrap elementor-element-populated\">\n\t\t\t\t\t\t<div class=\"elementor-element elementor-element-919ea64 elementor-widget elementor-widget-gallery\" data-id=\"919ea64\" data-element_type=\"widget\" data-settings=\"{&quot;gallery_layout&quot;:&quot;masonry&quot;,&quot;columns&quot;:3,&quot;gap&quot;:{&quot;unit&quot;:&quot;px&quot;,&quot;size&quot;:&quot;40&quot;,&quot;sizes&quot;:[]},&quot;gap_tablet&quot;:{&quot;unit&quot;:&quot;px&quot;,&quot;size&quot;:40,&quot;sizes&quot;:[]},&quot;gap_mobile&quot;:{&quot;unit&quot;:&quot;px&quot;,&quot;size&quot;:30,&quot;sizes&quot;:[]},&quot;gap_laptop&quot;:{&quot;unit&quot;:&quot;px&quot;,&quot;size&quot;:40,&quot;sizes&quot;:[]},&quot;overlay_description&quot;:&quot;description&quot;,&quot;lazyload&quot;:&quot;yes&quot;,&quot;columns_tablet&quot;:2,&quot;columns_mobile&quot;:1,&quot;link_to&quot;:&quot;file&quot;,&quot;overlay_background&quot;:&quot;yes&quot;,&quot;content_hover_animation&quot;:&quot;fade-in&quot;}\" data-widget_type=\"gallery.default\">\n\t\t\t\t<div class=\"elementor-widget-container\">\n\t\t\t\t\t\t\t<div class=\"elementor-gallery__container\">\n\t\t\t\t\t\t\t<a class=\"e-gallery-item elementor-gallery-item elementor-animated-content\" href=\"https:\/\/www.lamagnanerie-events.fr\/wp-content\/uploads\/2025\/11\/Chambre-hebergements-Magnanerie-1.jpg\" data-elementor-open-lightbox=\"yes\" data-elementor-lightbox-slideshow=\"919ea64\" data-elementor-lightbox-title=\"Chambre-hebergements-Magnanerie-1\" data-e-action-hash=\"#elementor-action%3Aaction%3Dlightbox%26settings%3DeyJpZCI6Njg4OSwidXJsIjoiaHR0cHM6XC9cL3d3dy5sYW1hZ25hbmVyaWUtZXZlbnRzLmZyXC93cC1jb250ZW50XC91cGxvYWRzXC8yMDI1XC8xMVwvQ2hhbWJyZS1oZWJlcmdlbWVudHMtTWFnbmFuZXJpZS0xLmpwZyIsInNsaWRlc2hvdyI6IjkxOWVhNjQifQ%3D%3D\">\n\t\t\t\t\t<div class=\"e-gallery-image elementor-gallery-item__image\" data-thumbnail=\"https:\/\/www.lamagnanerie-events.fr\/wp-content\/uploads\/2025\/11\/Chambre-hebergements-Magnanerie-1.jpg\" data-width=\"1500\" data-height=\"844\" aria-label=\"\" role=\"img\" ><\/div>\n\t\t\t\t\t\t\t\t\t\t\t<div class=\"elementor-gallery-item__overlay\"><\/div>\n\t\t\t\t\t\t\t\t\t\t\t\t\t\t\t<div class=\"elementor-gallery-item__content\">\n\t\t\t\t\t\t\t\t\t\t\t<\/div>\n\t\t\t\t\t\t\t\t\t<\/a>\n\t\t\t\t\t\t\t<a class=\"e-gallery-item elementor-gallery-item elementor-animated-content\" href=\"https:\/\/www.lamagnanerie-events.fr\/wp-content\/uploads\/2025\/11\/Chambre-hebergements-Magnanerie-2.jpg\" data-elementor-open-lightbox=\"yes\" data-elementor-lightbox-slideshow=\"919ea64\" data-elementor-lightbox-title=\"Chambre-hebergements-Magnanerie-2\" data-e-action-hash=\"#elementor-action%3Aaction%3Dlightbox%26settings%3DeyJpZCI6Njg4OCwidXJsIjoiaHR0cHM6XC9cL3d3dy5sYW1hZ25hbmVyaWUtZXZlbnRzLmZyXC93cC1jb250ZW50XC91cGxvYWRzXC8yMDI1XC8xMVwvQ2hhbWJyZS1oZWJlcmdlbWVudHMtTWFnbmFuZXJpZS0yLmpwZyIsInNsaWRlc2hvdyI6IjkxOWVhNjQifQ%3D%3D\">\n\t\t\t\t\t<div class=\"e-gallery-image elementor-gallery-item__image\" data-thumbnail=\"https:\/\/www.lamagnanerie-events.fr\/wp-content\/uploads\/2025\/11\/Chambre-hebergements-Magnanerie-2.jpg\" data-width=\"1500\" data-height=\"844\" aria-label=\"\" role=\"img\" ><\/div>\n\t\t\t\t\t\t\t\t\t\t\t<div class=\"elementor-gallery-item__overlay\"><\/div>\n\t\t\t\t\t\t\t\t\t\t\t\t\t\t\t<div class=\"elementor-gallery-item__content\">\n\t\t\t\t\t\t\t\t\t\t\t<\/div>\n\t\t\t\t\t\t\t\t\t<\/a>\n\t\t\t\t\t\t\t<a class=\"e-gallery-item elementor-gallery-item elementor-animated-content\" href=\"https:\/\/www.lamagnanerie-events.fr\/wp-content\/uploads\/2025\/11\/Chambre-hebergements-Magnanerie-3.jpg\" data-elementor-open-lightbox=\"yes\" data-elementor-lightbox-slideshow=\"919ea64\" data-elementor-lightbox-title=\"Chambre-hebergements-Magnanerie-3\" data-e-action-hash=\"#elementor-action%3Aaction%3Dlightbox%26settings%3DeyJpZCI6Njg4NywidXJsIjoiaHR0cHM6XC9cL3d3dy5sYW1hZ25hbmVyaWUtZXZlbnRzLmZyXC93cC1jb250ZW50XC91cGxvYWRzXC8yMDI1XC8xMVwvQ2hhbWJyZS1oZWJlcmdlbWVudHMtTWFnbmFuZXJpZS0zLmpwZyIsInNsaWRlc2hvdyI6IjkxOWVhNjQifQ%3D%3D\">\n\t\t\t\t\t<div class=\"e-gallery-image elementor-gallery-item__image\" data-thumbnail=\"https:\/\/www.lamagnanerie-events.fr\/wp-content\/uploads\/2025\/11\/Chambre-hebergements-Magnanerie-3.jpg\" data-width=\"1500\" data-height=\"844\" aria-label=\"\" role=\"img\" ><\/div>\n\t\t\t\t\t\t\t\t\t\t\t<div class=\"elementor-gallery-item__overlay\"><\/div>\n\t\t\t\t\t\t\t\t\t\t\t\t\t\t\t<div class=\"elementor-gallery-item__content\">\n\t\t\t\t\t\t\t\t\t\t\t<\/div>\n\t\t\t\t\t\t\t\t\t<\/a>\n\t\t\t\t\t\t\t<a class=\"e-gallery-item elementor-gallery-item elementor-animated-content\" href=\"https:\/\/www.lamagnanerie-events.fr\/wp-content\/uploads\/2025\/11\/Chambre-hebergements-Magnanerie-4.jpg\" data-elementor-open-lightbox=\"yes\" data-elementor-lightbox-slideshow=\"919ea64\" data-elementor-lightbox-title=\"Chambre-hebergements-Magnanerie-4\" data-e-action-hash=\"#elementor-action%3Aaction%3Dlightbox%26settings%3DeyJpZCI6Njg4NiwidXJsIjoiaHR0cHM6XC9cL3d3dy5sYW1hZ25hbmVyaWUtZXZlbnRzLmZyXC93cC1jb250ZW50XC91cGxvYWRzXC8yMDI1XC8xMVwvQ2hhbWJyZS1oZWJlcmdlbWVudHMtTWFnbmFuZXJpZS00LmpwZyIsInNsaWRlc2hvdyI6IjkxOWVhNjQifQ%3D%3D\">\n\t\t\t\t\t<div class=\"e-gallery-image elementor-gallery-item__image\" data-thumbnail=\"https:\/\/www.lamagnanerie-events.fr\/wp-content\/uploads\/2025\/11\/Chambre-hebergements-Magnanerie-4.jpg\" data-width=\"1500\" data-height=\"844\" aria-label=\"\" role=\"img\" ><\/div>\n\t\t\t\t\t\t\t\t\t\t\t<div class=\"elementor-gallery-item__overlay\"><\/div>\n\t\t\t\t\t\t\t\t\t\t\t\t\t\t\t<div class=\"elementor-gallery-item__content\">\n\t\t\t\t\t\t\t\t\t\t\t<\/div>\n\t\t\t\t\t\t\t\t\t<\/a>\n\t\t\t\t\t\t\t<a class=\"e-gallery-item elementor-gallery-item elementor-animated-content\" href=\"https:\/\/www.lamagnanerie-events.fr\/wp-content\/uploads\/2025\/11\/Chambre-hebergements-Magnanerie-5.jpg\" data-elementor-open-lightbox=\"yes\" data-elementor-lightbox-slideshow=\"919ea64\" data-elementor-lightbox-title=\"Chambre-hebergements-Magnanerie-5\" data-e-action-hash=\"#elementor-action%3Aaction%3Dlightbox%26settings%3DeyJpZCI6Njg4NSwidXJsIjoiaHR0cHM6XC9cL3d3dy5sYW1hZ25hbmVyaWUtZXZlbnRzLmZyXC93cC1jb250ZW50XC91cGxvYWRzXC8yMDI1XC8xMVwvQ2hhbWJyZS1oZWJlcmdlbWVudHMtTWFnbmFuZXJpZS01LmpwZyIsInNsaWRlc2hvdyI6IjkxOWVhNjQifQ%3D%3D\">\n\t\t\t\t\t<div class=\"e-gallery-image elementor-gallery-item__image\" data-thumbnail=\"https:\/\/www.lamagnanerie-events.fr\/wp-content\/uploads\/2025\/11\/Chambre-hebergements-Magnanerie-5.jpg\" data-width=\"1500\" data-height=\"844\" aria-label=\"\" role=\"img\" ><\/div>\n\t\t\t\t\t\t\t\t\t\t\t<div class=\"elementor-gallery-item__overlay\"><\/div>\n\t\t\t\t\t\t\t\t\t\t\t\t\t\t\t<div class=\"elementor-gallery-item__content\">\n\t\t\t\t\t\t\t\t\t\t\t<\/div>\n\t\t\t\t\t\t\t\t\t<\/a>\n\t\t\t\t\t\t\t<a class=\"e-gallery-item elementor-gallery-item elementor-animated-content\" href=\"https:\/\/www.lamagnanerie-events.fr\/wp-content\/uploads\/2025\/11\/Chambre-hebergements-Magnanerie-6.jpg\" data-elementor-open-lightbox=\"yes\" data-elementor-lightbox-slideshow=\"919ea64\" data-elementor-lightbox-title=\"Chambre-hebergements-Magnanerie-6\" data-e-action-hash=\"#elementor-action%3Aaction%3Dlightbox%26settings%3DeyJpZCI6Njg4NCwidXJsIjoiaHR0cHM6XC9cL3d3dy5sYW1hZ25hbmVyaWUtZXZlbnRzLmZyXC93cC1jb250ZW50XC91cGxvYWRzXC8yMDI1XC8xMVwvQ2hhbWJyZS1oZWJlcmdlbWVudHMtTWFnbmFuZXJpZS02LmpwZyIsInNsaWRlc2hvdyI6IjkxOWVhNjQifQ%3D%3D\">\n\t\t\t\t\t<div class=\"e-gallery-image elementor-gallery-item__image\" data-thumbnail=\"https:\/\/www.lamagnanerie-events.fr\/wp-content\/uploads\/2025\/11\/Chambre-hebergements-Magnanerie-6.jpg\" data-width=\"1500\" data-height=\"844\" aria-label=\"\" role=\"img\" ><\/div>\n\t\t\t\t\t\t\t\t\t\t\t<div class=\"elementor-gallery-item__overlay\"><\/div>\n\t\t\t\t\t\t\t\t\t\t\t\t\t\t\t<div class=\"elementor-gallery-item__content\">\n\t\t\t\t\t\t\t\t\t\t\t<\/div>\n\t\t\t\t\t\t\t\t\t<\/a>\n\t\t\t\t\t<\/div>\n\t\t\t\t\t<\/div>\n\t\t\t\t<\/div>\n\t\t\t\t\t<\/div>\n\t\t<\/div>\n\t\t\t\t\t<\/div>\n\t\t<\/section>\n\t\t\t\t<\/div>\n\t\t","protected":false},"excerpt":{"rendered":"<p>H\u00e9bergements Au deuxi\u00e8me \u00e9tage de cette magnifique b\u00e2tisse, de nombreux h\u00e9bergements sont \u00e0 votre disposition pour loger vos invit\u00e9s et profiter d&rsquo;une nuit sur place avec tout le confort n\u00e9cessaire. Les logements La suite PAPILLON (80\/90 M2), compos\u00e9e de 2 \u00e0 8 personnes : 1 chambre avec 1 lit double 2 personnes \u00e0 c\u00f4t\u00e9 de la salle de douche, la salle \u00e0 manger avec 2 canap\u00e9s convertibles de 2 personnes et 2 lits single en mezzanine, 1 un wc s\u00e9par\u00e9, une cuisine semi \u00e9quip\u00e9e, une TV La Suite SOIE (50\/60 m2) compos\u00e9e de 2 \u00e0 6 personnes avec composition possible 1 chambre avec 1 lit double 2 personnes, la salle \u00e0 manger avec 1 canap\u00e9 convertible de 2 personnes et 1 canap\u00e9 en mezzanine, 1 salle eau douche avec un wc s\u00e9par\u00e9, 1 TV , un coin kitchenette La Suite M\u00dbRIER (35\/40 M2) : compos\u00e9e de 2 \u00e0 4 personnes avec composition possible 1 chambre avec 1 lit double 2 personnes, la salle \u00e0 manger avec 2 canap\u00e9s convertibles de 2 personnes, 1 salle eau douche avec un WC s\u00e9par\u00e9 1 TV, un coin kitchenette La suite COTON (35\/40 M2) : (souvent prise par les mari\u00e9s) avec la chambre 2 personnes avec un lit double et un canap\u00e9 convertible 2 personnes, 1 salle de douche avec un WC s\u00e9par\u00e9<\/p>\n","protected":false},"author":2,"featured_media":0,"parent":0,"menu_order":0,"comment_status":"closed","ping_status":"closed","template":"","meta":{"footnotes":""},"class_list":["post-6157","page","type-page","status-publish","hentry"],"_links":{"self":[{"href":"https:\/\/www.lamagnanerie-events.fr\/index.php\/wp-json\/wp\/v2\/pages\/6157","targetHints":{"allow":["GET"]}}],"collection":[{"href":"https:\/\/www.lamagnanerie-events.fr\/index.php\/wp-json\/wp\/v2\/pages"}],"about":[{"href":"https:\/\/www.lamagnanerie-events.fr\/index.php\/wp-json\/wp\/v2\/types\/page"}],"author":[{"embeddable":true,"href":"https:\/\/www.lamagnanerie-events.fr\/index.php\/wp-json\/wp\/v2\/users\/2"}],"replies":[{"embeddable":true,"href":"https:\/\/www.lamagnanerie-events.fr\/index.php\/wp-json\/wp\/v2\/comments?post=6157"}],"version-history":[{"count":52,"href":"https:\/\/www.lamagnanerie-events.fr\/index.php\/wp-json\/wp\/v2\/pages\/6157\/revisions"}],"predecessor-version":[{"id":6903,"href":"https:\/\/www.lamagnanerie-events.fr\/index.php\/wp-json\/wp\/v2\/pages\/6157\/revisions\/6903"}],"wp:attachment":[{"href":"https:\/\/www.lamagnanerie-events.fr\/index.php\/wp-json\/wp\/v2\/media?parent=6157"}],"curies":[{"name":"wp","href":"https:\/\/api.w.org\/{rel}","templated":true}]}}