{"id":6555,"date":"2025-06-27T08:19:50","date_gmt":"2025-06-27T08:19:50","guid":{"rendered":"https:\/\/magnanerie-event.azur-informatique.fr\/?page_id=6555"},"modified":"2025-06-27T09:11:33","modified_gmt":"2025-06-27T09:11:33","slug":"politique-de-confidentialite","status":"publish","type":"page","link":"https:\/\/www.lamagnanerie-events.fr\/index.php\/politique-de-confidentialite\/","title":{"rendered":"Politique de confidentialit\u00e9"},"content":{"rendered":"\t\t<div data-elementor-type=\"wp-page\" data-elementor-id=\"6555\" class=\"elementor elementor-6555\" data-elementor-post-type=\"page\">\n\t\t\t\t<div class=\"elementor-element elementor-element-2c051f2c e-flex e-con-boxed wpr-particle-no wpr-jarallax-no wpr-parallax-no wpr-sticky-section-no e-con e-parent\" data-id=\"2c051f2c\" data-element_type=\"container\">\n\t\t\t\t\t<div class=\"e-con-inner\">\n\t\t\t\t<div class=\"elementor-element elementor-element-54e3040 elementor-widget elementor-widget-text-editor\" data-id=\"54e3040\" data-element_type=\"widget\" data-widget_type=\"text-editor.default\">\n\t\t\t\t<div class=\"elementor-widget-container\">\n\t\t\t\t\t\t\t\t\t\n<h3 class=\"wp-block-heading\"><\/h3>\n\t\t\t\t\t\t\t\t<\/div>\n\t\t\t\t<\/div>\n\t\t\t\t\t<\/div>\n\t\t\t\t<\/div>\n\t\t<div class=\"elementor-element elementor-element-962147b e-flex e-con-boxed wpr-particle-no wpr-jarallax-no wpr-parallax-no wpr-sticky-section-no e-con e-parent\" data-id=\"962147b\" data-element_type=\"container\">\n\t\t\t\t\t<div class=\"e-con-inner\">\n\t\t\t\t<div class=\"elementor-element elementor-element-e309f31 elementor-widget elementor-widget-text-editor\" data-id=\"e309f31\" data-element_type=\"widget\" data-widget_type=\"text-editor.default\">\n\t\t\t\t<div class=\"elementor-widget-container\">\n\t\t\t\t\t\t\t\t\t<p>Mentions l\u00e9gales<\/p>\n<h2>1. \u00c9diteur du site<\/h2>\n<p>Nom du site : La Magnanerie Event<br \/>URL : https:\/\/magnanerie-event.fr<\/p>\n<p>Propri\u00e9taire : La Magnanerie Event<br \/>Activit\u00e9 : Organisation d\u2019\u00e9v\u00e9nements priv\u00e9s et professionnels<\/p>\n<p>Responsable de la publication : St\u00e9phane JAKOB <br \/>Email : events.aubergedespins@gmail.com<br \/>Adresse : 18 ancien chemin de Fayence, 83440 Seillans<br \/>T\u00e9l\u00e9phone : 04 94 76 39 14<\/p>\n<h2>2. H\u00e9bergement<\/h2>\n<p>Le site est h\u00e9berg\u00e9 par :<br \/>Azur Informatique<br \/>Site web : www.azur-informatique.fr<br \/>Adresse : Centre Cial Mercuriales 2, 83440 Tourrettes<br \/>T\u00e9l\u00e9phone : <span aria-label=\"Appeler le 04 94 39 85 85\">04 94 39 85 85<\/span><br \/>Email : events.aubergedespins@gmail.com<\/p>\n<h2>3. Propri\u00e9t\u00e9 intellectuelle<\/h2>\n<p>L\u2019ensemble des contenus (textes, images, logos, graphismes) pr\u00e9sents sur le site https:\/\/magnanerie-event.fr est la propri\u00e9t\u00e9 exclusive de La Magnanerie Event ou de ses partenaires et est prot\u00e9g\u00e9 par le Code de la propri\u00e9t\u00e9 intellectuelle.<\/p>\n<p>Toute reproduction, repr\u00e9sentation, modification, publication ou adaptation de tout ou partie des \u00e9l\u00e9ments du site, quel que soit le moyen ou le proc\u00e9d\u00e9 utilis\u00e9, est interdite sauf autorisation \u00e9crite pr\u00e9alable.<\/p>\n<h2>4. Donn\u00e9es personnelles<\/h2>\n<p>Les informations collect\u00e9es via le formulaire de contact sont destin\u00e9es exclusivement \u00e0 La Magnanerie Event pour r\u00e9pondre aux demandes des utilisateurs. Conform\u00e9ment \u00e0 la loi Informatique et Libert\u00e9s et au RGPD, vous disposez d&rsquo;un droit d&rsquo;acc\u00e8s, de rectification, de suppression et d\u2019opposition concernant vos donn\u00e9es.<br \/>Pour exercer ce droit, contactez : contact@magnanerie-event.fr.<\/p>\n<p>Pour plus d&rsquo;informations, consultez notre Politique de confidentialit\u00e9 (\u00e0 ins\u00e9rer apr\u00e8s mise en ligne).<\/p>\n<h2>5. Cookies<\/h2>\n<p>Le site utilise uniquement des cookies techniques n\u00e9cessaires \u00e0 son fonctionnement. Aucun cookie de suivi ou publicitaire n\u2019est utilis\u00e9 sans votre consentement.<\/p>\n<h2>6. Limitation de responsabilit\u00e9<\/h2>\n<p>La Magnanerie Event s\u2019efforce de fournir des informations pr\u00e9cises et \u00e0 jour sur le site https:\/\/magnanerie-event.fr. Toutefois, elle ne saurait \u00eatre tenue responsable des omissions, des inexactitudes ou des carences dans la mise \u00e0 jour des informations.<\/p>\n<p>L\u2019utilisateur s\u2019engage \u00e0 acc\u00e9der au site en utilisant un mat\u00e9riel r\u00e9cent, ne contenant pas de virus, et avec un navigateur \u00e0 jour.<\/p>\n<h2>7. Droit applicable et juridiction<\/h2>\n<p>Les pr\u00e9sentes mentions l\u00e9gales sont r\u00e9gies par le droit fran\u00e7ais. En cas de litige, les tribunaux comp\u00e9tents seront ceux relevant de la juridiction du si\u00e8ge social de La Magnanerie Event.<\/p>\n<p>Date de mise \u00e0 jour : 27\/06\/2025<\/p>\t\t\t\t\t\t\t\t<\/div>\n\t\t\t\t<\/div>\n\t\t\t\t\t<\/div>\n\t\t\t\t<\/div>\n\t\t\t\t<\/div>\n\t\t","protected":false},"excerpt":{"rendered":"<p>Mentions l\u00e9gales 1. \u00c9diteur du site Nom du site : La Magnanerie EventURL : https:\/\/magnanerie-event.fr Propri\u00e9taire : La Magnanerie EventActivit\u00e9 : Organisation d\u2019\u00e9v\u00e9nements priv\u00e9s et professionnels Responsable de la publication : St\u00e9phane JAKOB Email : events.aubergedespins@gmail.comAdresse : 18 ancien chemin de Fayence, 83440 SeillansT\u00e9l\u00e9phone : 04 94 76 39 14 2. H\u00e9bergement Le site est h\u00e9berg\u00e9 par :Azur InformatiqueSite web : www.azur-informatique.frAdresse : Centre Cial Mercuriales 2, 83440 TourrettesT\u00e9l\u00e9phone : 04 94 39 85 85Email : events.aubergedespins@gmail.com 3. Propri\u00e9t\u00e9 intellectuelle L\u2019ensemble des contenus (textes, images, logos, graphismes) pr\u00e9sents sur le site https:\/\/magnanerie-event.fr est la propri\u00e9t\u00e9 exclusive de La Magnanerie Event ou de ses partenaires et est prot\u00e9g\u00e9 par le Code de la propri\u00e9t\u00e9 intellectuelle. Toute reproduction, repr\u00e9sentation, modification, publication ou adaptation de tout ou partie des \u00e9l\u00e9ments du site, quel que soit le moyen ou le proc\u00e9d\u00e9 utilis\u00e9, est interdite sauf autorisation \u00e9crite pr\u00e9alable. 4. Donn\u00e9es personnelles Les informations collect\u00e9es via le formulaire de contact sont destin\u00e9es exclusivement \u00e0 La Magnanerie Event pour r\u00e9pondre aux demandes des utilisateurs. Conform\u00e9ment \u00e0 la loi Informatique et Libert\u00e9s et au RGPD, vous disposez d&rsquo;un droit d&rsquo;acc\u00e8s, de rectification, de suppression et d\u2019opposition concernant vos donn\u00e9es.Pour exercer ce droit, contactez : contact@magnanerie-event.fr. Pour plus d&rsquo;informations, consultez notre Politique de confidentialit\u00e9 (\u00e0 ins\u00e9rer apr\u00e8s mise en ligne). 5. Cookies Le site utilise uniquement des cookies techniques n\u00e9cessaires \u00e0 son fonctionnement. Aucun cookie de suivi ou publicitaire n\u2019est utilis\u00e9 sans votre consentement. 6. Limitation de responsabilit\u00e9 La Magnanerie Event s\u2019efforce de fournir des informations pr\u00e9cises et \u00e0 jour sur le site https:\/\/magnanerie-event.fr. Toutefois, elle ne saurait \u00eatre tenue responsable des omissions, des inexactitudes ou des carences dans la mise \u00e0 jour des informations. L\u2019utilisateur s\u2019engage \u00e0 acc\u00e9der au site en utilisant un mat\u00e9riel r\u00e9cent, ne contenant pas de virus, et avec un navigateur \u00e0 jour. 7. Droit applicable et juridiction Les pr\u00e9sentes mentions l\u00e9gales sont r\u00e9gies par le droit fran\u00e7ais. En cas de litige, les tribunaux comp\u00e9tents seront ceux relevant de la juridiction du si\u00e8ge social de La Magnanerie Event. Date de mise \u00e0 jour : 27\/06\/2025<\/p>\n","protected":false},"author":2,"featured_media":0,"parent":0,"menu_order":0,"comment_status":"closed","ping_status":"closed","template":"","meta":{"footnotes":""},"class_list":["post-6555","page","type-page","status-publish","hentry"],"_links":{"self":[{"href":"https:\/\/www.lamagnanerie-events.fr\/index.php\/wp-json\/wp\/v2\/pages\/6555","targetHints":{"allow":["GET"]}}],"collection":[{"href":"https:\/\/www.lamagnanerie-events.fr\/index.php\/wp-json\/wp\/v2\/pages"}],"about":[{"href":"https:\/\/www.lamagnanerie-events.fr\/index.php\/wp-json\/wp\/v2\/types\/page"}],"author":[{"embeddable":true,"href":"https:\/\/www.lamagnanerie-events.fr\/index.php\/wp-json\/wp\/v2\/users\/2"}],"replies":[{"embeddable":true,"href":"https:\/\/www.lamagnanerie-events.fr\/index.php\/wp-json\/wp\/v2\/comments?post=6555"}],"version-history":[{"count":10,"href":"https:\/\/www.lamagnanerie-events.fr\/index.php\/wp-json\/wp\/v2\/pages\/6555\/revisions"}],"predecessor-version":[{"id":6570,"href":"https:\/\/www.lamagnanerie-events.fr\/index.php\/wp-json\/wp\/v2\/pages\/6555\/revisions\/6570"}],"wp:attachment":[{"href":"https:\/\/www.lamagnanerie-events.fr\/index.php\/wp-json\/wp\/v2\/media?parent=6555"}],"curies":[{"name":"wp","href":"https:\/\/api.w.org\/{rel}","templated":true}]}}